{"id":580,"date":"2019-04-18T09:56:14","date_gmt":"2019-04-18T07:56:14","guid":{"rendered":"http:\/\/bofood.hu\/?page_id=580"},"modified":"2019-07-12T09:41:24","modified_gmt":"2019-07-12T07:41:24","slug":"applications","status":"publish","type":"page","link":"https:\/\/bofood.hu\/en\/applications\/","title":{"rendered":"APPLICATIONS"},"content":{"rendered":"<p>[et_pb_section bb_built=&#8221;1&#8243; fullwidth=&#8221;on&#8221; _builder_version=&#8221;3.4.1&#8243; next_background_color=&#8221;#000000&#8243;][et_pb_fullwidth_header title=&#8221;APPLICATIONS&#8221; _builder_version=&#8221;3.16.1&#8243; title_font_size=&#8221;46px&#8221; title_font_size_phone=&#8221;36px&#8221; title_font_size_last_edited=&#8221;on|phone&#8221; title_text_shadow_style=&#8221;preset2&#8243; background_image=&#8221;http:\/\/bofood.hu\/wp-content\/uploads\/2018\/06\/kulkereskedelmi-uzletkoto.jpg&#8221; custom_margin=&#8221;|||&#8221; custom_padding=&#8221;225px||25px||false&#8221; custom_padding_tablet=&#8221;150px||50px||false&#8221; custom_padding_phone=&#8221;100px||25px||false&#8221; custom_padding_last_edited=&#8221;on|phone&#8221; button_one_text_size__hover_enabled=&#8221;off&#8221; button_one_text_size__hover=&#8221;null&#8221; button_two_text_size__hover_enabled=&#8221;off&#8221; button_two_text_size__hover=&#8221;null&#8221; button_one_text_color__hover_enabled=&#8221;off&#8221; button_one_text_color__hover=&#8221;null&#8221; button_two_text_color__hover_enabled=&#8221;off&#8221; button_two_text_color__hover=&#8221;null&#8221; button_one_border_width__hover_enabled=&#8221;off&#8221; button_one_border_width__hover=&#8221;null&#8221; button_two_border_width__hover_enabled=&#8221;off&#8221; button_two_border_width__hover=&#8221;null&#8221; button_one_border_color__hover_enabled=&#8221;off&#8221; button_one_border_color__hover=&#8221;null&#8221; button_two_border_color__hover_enabled=&#8221;off&#8221; button_two_border_color__hover=&#8221;null&#8221; button_one_border_radius__hover_enabled=&#8221;off&#8221; button_one_border_radius__hover=&#8221;null&#8221; button_two_border_radius__hover_enabled=&#8221;off&#8221; button_two_border_radius__hover=&#8221;null&#8221; button_one_letter_spacing__hover_enabled=&#8221;off&#8221; button_one_letter_spacing__hover=&#8221;null&#8221; button_two_letter_spacing__hover_enabled=&#8221;off&#8221; button_two_letter_spacing__hover=&#8221;null&#8221; button_one_bg_color__hover_enabled=&#8221;off&#8221; button_one_bg_color__hover=&#8221;null&#8221; button_two_bg_color__hover_enabled=&#8221;off&#8221; button_two_bg_color__hover=&#8221;null&#8221; \/][\/et_pb_section][et_pb_section bb_built=&#8221;1&#8243; admin_label=&#8221;section&#8221; _builder_version=&#8221;3.0.47&#8243; prev_background_color=&#8221;#000000&#8243;][et_pb_row admin_label=&#8221;row&#8221; _builder_version=&#8221;3.0.47&#8243; background_size=&#8221;initial&#8221; background_position=&#8221;top_left&#8221; background_repeat=&#8221;repeat&#8221;][et_pb_column type=&#8221;4_4&#8243;][et_pb_text admin_label=&#8221;Text&#8221; _builder_version=&#8221;3.16.1&#8243; background_size=&#8221;initial&#8221; background_position=&#8221;top_left&#8221; background_repeat=&#8221;repeat&#8221;]<\/p>\n<p>SZ\u00c9CHENYI 2020 European Union Government of Hungary<\/p>\n<p>INVESTING IN THE FUTURE<\/p>\n<p>European structural and investment funds<\/p>\n<p>We thank the Government of Hungary and the European Union for the support.<\/p>\n<p>BOFOOD TECH KFT.<\/p>\n<p>AUTOMATIC EQUIPMENT FOR THE MANUFACTURE OF ADDITIVE-FREE FOOD PRODUCTS FROM TWO OR MORE COMPONENTS THAT SOLIDIFY BY HEAT THE AMOUNT OF THE GRANT: 49.52 MILLION FORINTS. THE IDENTIFICATION NUMBER OF THE PROJECT: GINOP-2.1.7-15-20*6-01569<\/p>\n<p>&nbsp;<\/p>\n<p>&nbsp;<\/p>\n<p>&nbsp;<\/p>\n<p>[\/et_pb_text][et_pb_image max_width=&#8221;50%&#8221; src=&#8221;http:\/\/bofood.hu\/wp-content\/uploads\/2018\/09\/BOVO-A2-szechenyi2020.jpg&#8221; _builder_version=&#8221;3.4.1&#8243; module_alignment=&#8221;center&#8221; disabled=&#8221;on&#8221; \/][\/et_pb_column][\/et_pb_row][\/et_pb_section]<\/p>\n","protected":false},"excerpt":{"rendered":"<p>SZ\u00c9CHENYI 2020 European Union Government of Hungary INVESTING IN THE FUTURE European structural and investment funds We thank the Government of Hungary and the European Union for the support. BOFOOD TECH KFT. AUTOMATIC EQUIPMENT FOR THE MANUFACTURE OF ADDITIVE-FREE FOOD PRODUCTS FROM TWO OR MORE COMPONENTS THAT SOLIDIFY BY HEAT THE AMOUNT OF THE GRANT: [&hellip;]<\/p>\n","protected":false},"author":2,"featured_media":0,"parent":0,"menu_order":0,"comment_status":"closed","ping_status":"closed","template":"","meta":{"_et_pb_use_builder":"on","_et_pb_old_content":"","_et_gb_content_width":"","_mi_skip_tracking":false,"_monsterinsights_sitenote_active":false,"_monsterinsights_sitenote_note":"","_monsterinsights_sitenote_category":0,"footnotes":""},"yoast_head":"<!-- This site is optimized with the Yoast SEO plugin v21.2 - https:\/\/yoast.com\/wordpress\/plugins\/seo\/ -->\n<title>APPLICATIONS - BOFOOD TECH Kft.<\/title>\n<meta name=\"robots\" content=\"index, follow, max-snippet:-1, max-image-preview:large, max-video-preview:-1\" \/>\n<link rel=\"canonical\" href=\"https:\/\/bofood.hu\/en\/applications\/\" \/>\n<meta property=\"og:locale\" content=\"en_US\" \/>\n<meta property=\"og:type\" content=\"article\" \/>\n<meta property=\"og:title\" content=\"APPLICATIONS - BOFOOD TECH Kft.\" \/>\n<meta property=\"og:description\" content=\"SZ\u00c9CHENYI 2020 European Union Government of Hungary INVESTING IN THE FUTURE European structural and investment funds We thank the Government of Hungary and the European Union for the support. BOFOOD TECH KFT. AUTOMATIC EQUIPMENT FOR THE MANUFACTURE OF ADDITIVE-FREE FOOD PRODUCTS FROM TWO OR MORE COMPONENTS THAT SOLIDIFY BY HEAT THE AMOUNT OF THE GRANT: [&hellip;]\" \/>\n<meta property=\"og:url\" content=\"https:\/\/bofood.hu\/en\/applications\/\" \/>\n<meta property=\"og:site_name\" content=\"BOFOOD TECH Kft.\" \/>\n<meta property=\"article:modified_time\" content=\"2019-07-12T07:41:24+00:00\" \/>\n<meta name=\"twitter:card\" content=\"summary_large_image\" \/>\n<meta name=\"twitter:label1\" content=\"Est. reading time\" \/>\n\t<meta name=\"twitter:data1\" content=\"2 minutes\" \/>\n<script type=\"application\/ld+json\" class=\"yoast-schema-graph\">{\"@context\":\"https:\/\/schema.org\",\"@graph\":[{\"@type\":\"WebPage\",\"@id\":\"https:\/\/bofood.hu\/en\/applications\/\",\"url\":\"https:\/\/bofood.hu\/en\/applications\/\",\"name\":\"APPLICATIONS - BOFOOD TECH Kft.\",\"isPartOf\":{\"@id\":\"https:\/\/bofood.hu\/#website\"},\"datePublished\":\"2019-04-18T07:56:14+00:00\",\"dateModified\":\"2019-07-12T07:41:24+00:00\",\"breadcrumb\":{\"@id\":\"https:\/\/bofood.hu\/en\/applications\/#breadcrumb\"},\"inLanguage\":\"en-US\",\"potentialAction\":[{\"@type\":\"ReadAction\",\"target\":[\"https:\/\/bofood.hu\/en\/applications\/\"]}]},{\"@type\":\"BreadcrumbList\",\"@id\":\"https:\/\/bofood.hu\/en\/applications\/#breadcrumb\",\"itemListElement\":[{\"@type\":\"ListItem\",\"position\":1,\"name\":\"Home\",\"item\":\"https:\/\/bofood.hu\/en\/\"},{\"@type\":\"ListItem\",\"position\":2,\"name\":\"APPLICATIONS\"}]},{\"@type\":\"WebSite\",\"@id\":\"https:\/\/bofood.hu\/#website\",\"url\":\"https:\/\/bofood.hu\/\",\"name\":\"BOFOOD TECH Kft.\",\"description\":\"\u00c9lelmiszertechnol\u00f3giai megold\u00e1sok, fejleszt\u00e9sek, gy\u00e1rt\u00e1soptimaliz\u00e1l\u00e1s, hat\u00e9konys\u00e1gn\u00f6vel\u00e9s\",\"potentialAction\":[{\"@type\":\"SearchAction\",\"target\":{\"@type\":\"EntryPoint\",\"urlTemplate\":\"https:\/\/bofood.hu\/?s={search_term_string}\"},\"query-input\":\"required name=search_term_string\"}],\"inLanguage\":\"en-US\"}]}<\/script>\n<!-- \/ Yoast SEO plugin. -->","yoast_head_json":{"title":"APPLICATIONS - BOFOOD TECH Kft.","robots":{"index":"index","follow":"follow","max-snippet":"max-snippet:-1","max-image-preview":"max-image-preview:large","max-video-preview":"max-video-preview:-1"},"canonical":"https:\/\/bofood.hu\/en\/applications\/","og_locale":"en_US","og_type":"article","og_title":"APPLICATIONS - BOFOOD TECH Kft.","og_description":"SZ\u00c9CHENYI 2020 European Union Government of Hungary INVESTING IN THE FUTURE European structural and investment funds We thank the Government of Hungary and the European Union for the support. BOFOOD TECH KFT. AUTOMATIC EQUIPMENT FOR THE MANUFACTURE OF ADDITIVE-FREE FOOD PRODUCTS FROM TWO OR MORE COMPONENTS THAT SOLIDIFY BY HEAT THE AMOUNT OF THE GRANT: [&hellip;]","og_url":"https:\/\/bofood.hu\/en\/applications\/","og_site_name":"BOFOOD TECH Kft.","article_modified_time":"2019-07-12T07:41:24+00:00","twitter_card":"summary_large_image","twitter_misc":{"Est. reading time":"2 minutes"},"schema":{"@context":"https:\/\/schema.org","@graph":[{"@type":"WebPage","@id":"https:\/\/bofood.hu\/en\/applications\/","url":"https:\/\/bofood.hu\/en\/applications\/","name":"APPLICATIONS - BOFOOD TECH Kft.","isPartOf":{"@id":"https:\/\/bofood.hu\/#website"},"datePublished":"2019-04-18T07:56:14+00:00","dateModified":"2019-07-12T07:41:24+00:00","breadcrumb":{"@id":"https:\/\/bofood.hu\/en\/applications\/#breadcrumb"},"inLanguage":"en-US","potentialAction":[{"@type":"ReadAction","target":["https:\/\/bofood.hu\/en\/applications\/"]}]},{"@type":"BreadcrumbList","@id":"https:\/\/bofood.hu\/en\/applications\/#breadcrumb","itemListElement":[{"@type":"ListItem","position":1,"name":"Home","item":"https:\/\/bofood.hu\/en\/"},{"@type":"ListItem","position":2,"name":"APPLICATIONS"}]},{"@type":"WebSite","@id":"https:\/\/bofood.hu\/#website","url":"https:\/\/bofood.hu\/","name":"BOFOOD TECH Kft.","description":"\u00c9lelmiszertechnol\u00f3giai megold\u00e1sok, fejleszt\u00e9sek, gy\u00e1rt\u00e1soptimaliz\u00e1l\u00e1s, hat\u00e9konys\u00e1gn\u00f6vel\u00e9s","potentialAction":[{"@type":"SearchAction","target":{"@type":"EntryPoint","urlTemplate":"https:\/\/bofood.hu\/?s={search_term_string}"},"query-input":"required name=search_term_string"}],"inLanguage":"en-US"}]}},"_links":{"self":[{"href":"https:\/\/bofood.hu\/en\/wp-json\/wp\/v2\/pages\/580"}],"collection":[{"href":"https:\/\/bofood.hu\/en\/wp-json\/wp\/v2\/pages"}],"about":[{"href":"https:\/\/bofood.hu\/en\/wp-json\/wp\/v2\/types\/page"}],"author":[{"embeddable":true,"href":"https:\/\/bofood.hu\/en\/wp-json\/wp\/v2\/users\/2"}],"replies":[{"embeddable":true,"href":"https:\/\/bofood.hu\/en\/wp-json\/wp\/v2\/comments?post=580"}],"version-history":[{"count":7,"href":"https:\/\/bofood.hu\/en\/wp-json\/wp\/v2\/pages\/580\/revisions"}],"predecessor-version":[{"id":691,"href":"https:\/\/bofood.hu\/en\/wp-json\/wp\/v2\/pages\/580\/revisions\/691"}],"wp:attachment":[{"href":"https:\/\/bofood.hu\/en\/wp-json\/wp\/v2\/media?parent=580"}],"curies":[{"name":"wp","href":"https:\/\/api.w.org\/{rel}","templated":true}]}}