{"id":573,"date":"2019-04-18T09:52:50","date_gmt":"2019-04-18T07:52:50","guid":{"rendered":"http:\/\/bofood.hu\/?page_id=573"},"modified":"2019-07-02T12:10:48","modified_gmt":"2019-07-02T10:10:48","slug":"services","status":"publish","type":"page","link":"https:\/\/bofood.hu\/en\/services\/","title":{"rendered":"SERVICES"},"content":{"rendered":"<p>[et_pb_section bb_built=&#8221;1&#8243; fullwidth=&#8221;on&#8221; _builder_version=&#8221;3.4.1&#8243; next_background_color=&#8221;#000000&#8243;][et_pb_fullwidth_header _builder_version=&#8221;3.16.1&#8243; background_image=&#8221;http:\/\/bofood.hu\/wp-content\/uploads\/2018\/09\/tanacsadas-dreamstimem.jpg&#8221; custom_margin=&#8221;|||&#8221; custom_padding=&#8221;150px||150px||true&#8221; custom_padding_tablet=&#8221;100px||100px||true&#8221; custom_padding_phone=&#8221;75px||75px||true&#8221; custom_padding_last_edited=&#8221;on|phone&#8221; button_one_text_size__hover_enabled=&#8221;off&#8221; button_one_text_size__hover=&#8221;null&#8221; button_two_text_size__hover_enabled=&#8221;off&#8221; button_two_text_size__hover=&#8221;null&#8221; button_one_text_color__hover_enabled=&#8221;off&#8221; button_one_text_color__hover=&#8221;null&#8221; button_two_text_color__hover_enabled=&#8221;off&#8221; button_two_text_color__hover=&#8221;null&#8221; button_one_border_width__hover_enabled=&#8221;off&#8221; button_one_border_width__hover=&#8221;null&#8221; button_two_border_width__hover_enabled=&#8221;off&#8221; button_two_border_width__hover=&#8221;null&#8221; button_one_border_color__hover_enabled=&#8221;off&#8221; button_one_border_color__hover=&#8221;null&#8221; button_two_border_color__hover_enabled=&#8221;off&#8221; button_two_border_color__hover=&#8221;null&#8221; button_one_border_radius__hover_enabled=&#8221;off&#8221; button_one_border_radius__hover=&#8221;null&#8221; button_two_border_radius__hover_enabled=&#8221;off&#8221; button_two_border_radius__hover=&#8221;null&#8221; button_one_letter_spacing__hover_enabled=&#8221;off&#8221; button_one_letter_spacing__hover=&#8221;null&#8221; button_two_letter_spacing__hover_enabled=&#8221;off&#8221; button_two_letter_spacing__hover=&#8221;null&#8221; button_one_bg_color__hover_enabled=&#8221;off&#8221; button_one_bg_color__hover=&#8221;null&#8221; button_two_bg_color__hover_enabled=&#8221;off&#8221; button_two_bg_color__hover=&#8221;null&#8221; title=&#8221;Services&#8221; \/][\/et_pb_section][et_pb_section bb_built=&#8221;1&#8243; admin_label=&#8221;section&#8221; _builder_version=&#8221;3.0.47&#8243; custom_padding=&#8221;0|0px|40px|0px|false|false&#8221; prev_background_color=&#8221;#000000&#8243;][et_pb_row admin_label=&#8221;row&#8221; custom_padding=&#8221;27px|0px|0|0px|false|false&#8221; _builder_version=&#8221;3.0.47&#8243; background_size=&#8221;initial&#8221; background_position=&#8221;top_left&#8221; background_repeat=&#8221;repeat&#8221;][et_pb_column type=&#8221;4_4&#8243;][et_pb_text admin_label=&#8221;Text&#8221; _builder_version=&#8221;3.16.1&#8243; header_text_color=&#8221;#acc521&#8243; header_font_size=&#8221;40px&#8221; background_size=&#8221;initial&#8221; background_position=&#8221;top_left&#8221; background_repeat=&#8221;repeat&#8221; \/][\/et_pb_column][\/et_pb_row][et_pb_row use_custom_gutter=&#8221;on&#8221; gutter_width=&#8221;1&#8243; custom_padding=&#8221;0|0px|0|0px|false|false&#8221; make_equal=&#8221;on&#8221; background_color_1=&#8221;rgba(153,153,153,0.1)&#8221; background_color_3=&#8221;rgba(153,153,153,0.1)&#8221; padding_top_bottom_link_1=&#8221;true&#8221; padding_top_bottom_link_2=&#8221;true&#8221; padding_top_bottom_link_3=&#8221;true&#8221; padding_left_right_link_1=&#8221;true&#8221; padding_left_right_link_2=&#8221;true&#8221; padding_left_right_link_3=&#8221;true&#8221; padding_top_1=&#8221;15px&#8221; padding_top_2=&#8221;15px&#8221; padding_top_3=&#8221;15px&#8221; padding_right_1=&#8221;15px&#8221; padding_right_2=&#8221;15px&#8221; padding_right_3=&#8221;15px&#8221; padding_bottom_1=&#8221;15px&#8221; padding_bottom_2=&#8221;15px&#8221; padding_bottom_3=&#8221;15px&#8221; padding_left_1=&#8221;15px&#8221; padding_left_2=&#8221;15px&#8221; padding_left_3=&#8221;15px&#8221; _builder_version=&#8221;3.4.1&#8243; module_alignment=&#8221;center&#8221; animation_style=&#8221;fade&#8221;][et_pb_column type=&#8221;1_2&#8243;][et_pb_blurb title=&#8221;Research and Development&#8221; use_icon=&#8221;on&#8221; font_icon=&#8221;%%52%%&#8221; icon_color=&#8221;#ffffff&#8221; use_circle=&#8221;on&#8221; circle_color=&#8221;#615d5c&#8221; _builder_version=&#8221;3.16.1&#8243; text_orientation=&#8221;center&#8221; url=&#8221;\/kutatas-fejlesztes&#8221;]<\/p>\n<p>Besides selling research and development activities of our own technology, we welcome our future partners to implement existing and new research and development solutions.<\/p>\n<p>[\/et_pb_blurb][\/et_pb_column][et_pb_column type=&#8221;1_2&#8243;][et_pb_blurb title=&#8221;Food Machinery Manufacturing&#8221; use_icon=&#8221;on&#8221; font_icon=&#8221;%%175%%&#8221; icon_color=&#8221;#ffffff&#8221; use_circle=&#8221;on&#8221; circle_color=&#8221;#615d5c&#8221; _builder_version=&#8221;3.16.1&#8243; text_orientation=&#8221;center&#8221; url=&#8221;\/elelmiszeripari-gepgyartas&#8221;]<\/p>\n<p>In addition to the mechanical design and marketing of our own development activity, we welcome our future partners to manufacture food machinery and equipment, develop existing machines, manufacture new machines and machine components.<\/p>\n<p>[\/et_pb_blurb][\/et_pb_column][\/et_pb_row][et_pb_row use_custom_gutter=&#8221;on&#8221; gutter_width=&#8221;1&#8243; custom_padding=&#8221;0|0px|0|0px|false|false&#8221; make_equal=&#8221;on&#8221; background_color_2=&#8221;rgba(153,153,153,0.1)&#8221; padding_top_bottom_link_1=&#8221;true&#8221; padding_top_bottom_link_2=&#8221;true&#8221; padding_top_bottom_link_3=&#8221;true&#8221; padding_left_right_link_1=&#8221;true&#8221; padding_left_right_link_2=&#8221;true&#8221; padding_left_right_link_3=&#8221;true&#8221; padding_top_1=&#8221;15px&#8221; padding_top_2=&#8221;15px&#8221; padding_top_3=&#8221;15px&#8221; padding_right_1=&#8221;15px&#8221; padding_right_2=&#8221;15px&#8221; padding_right_3=&#8221;15px&#8221; padding_bottom_1=&#8221;15px&#8221; padding_bottom_2=&#8221;15px&#8221; padding_bottom_3=&#8221;15px&#8221; padding_left_1=&#8221;15px&#8221; padding_left_2=&#8221;15px&#8221; padding_left_3=&#8221;15px&#8221; _builder_version=&#8221;3.4.1&#8243; module_alignment=&#8221;center&#8221; animation_style=&#8221;fade&#8221;][et_pb_column type=&#8221;1_2&#8243;][et_pb_blurb title=&#8221;Innovations&#8221; use_icon=&#8221;on&#8221; font_icon=&#8221;%%101%%&#8221; icon_color=&#8221;#ffffff&#8221; use_circle=&#8221;on&#8221; circle_color=&#8221;#615d5c&#8221; _builder_version=&#8221;3.16.1&#8243; text_orientation=&#8221;center&#8221; url=&#8221;\/innovaciok&#8221;]<\/p>\n<p>Innovation means to us a series of mistakes that we are making with uninterrupted enthusiasm, until it ultimately leads to result.<\/p>\n<p>[\/et_pb_blurb][\/et_pb_column][et_pb_column type=&#8221;1_2&#8243;][et_pb_blurb title=&#8221;Consultation&#8221; use_icon=&#8221;on&#8221; font_icon=&#8221;%%84%%&#8221; icon_color=&#8221;#ffffff&#8221; use_circle=&#8221;on&#8221; circle_color=&#8221;#615d5c&#8221; _builder_version=&#8221;3.16.1&#8243; text_orientation=&#8221;center&#8221; url=&#8221;\/tanacsadas&#8221;]<\/p>\n<p>We provide our existing and future partners with scientific, engineering, technical consultation related to their technology, industrial production, and machines, on an occasional or a continuous basis.<\/p>\n<p>[\/et_pb_blurb][\/et_pb_column][\/et_pb_row][\/et_pb_section]<\/p>\n","protected":false},"excerpt":{"rendered":"<p>Besides selling research and development activities of our own technology, we welcome our future partners to implement existing and new research and development solutions. In addition to the mechanical design and marketing of our own development activity, we welcome our future partners to manufacture food machinery and equipment, develop existing machines, manufacture new machines and [&hellip;]<\/p>\n","protected":false},"author":2,"featured_media":0,"parent":0,"menu_order":0,"comment_status":"closed","ping_status":"closed","template":"","meta":{"_et_pb_use_builder":"on","_et_pb_old_content":"","_et_gb_content_width":"","_mi_skip_tracking":false,"_monsterinsights_sitenote_active":false,"_monsterinsights_sitenote_note":"","_monsterinsights_sitenote_category":0,"footnotes":""},"yoast_head":"<!-- This site is optimized with the Yoast SEO plugin v21.2 - https:\/\/yoast.com\/wordpress\/plugins\/seo\/ -->\n<title>SERVICES - BOFOOD TECH Kft.<\/title>\n<meta name=\"robots\" content=\"index, follow, max-snippet:-1, max-image-preview:large, max-video-preview:-1\" \/>\n<link rel=\"canonical\" href=\"https:\/\/bofood.hu\/en\/services\/\" \/>\n<meta property=\"og:locale\" content=\"en_US\" \/>\n<meta property=\"og:type\" content=\"article\" \/>\n<meta property=\"og:title\" content=\"SERVICES - BOFOOD TECH Kft.\" \/>\n<meta property=\"og:description\" content=\"Besides selling research and development activities of our own technology, we welcome our future partners to implement existing and new research and development solutions. In addition to the mechanical design and marketing of our own development activity, we welcome our future partners to manufacture food machinery and equipment, develop existing machines, manufacture new machines and [&hellip;]\" \/>\n<meta property=\"og:url\" content=\"https:\/\/bofood.hu\/en\/services\/\" \/>\n<meta property=\"og:site_name\" content=\"BOFOOD TECH Kft.\" \/>\n<meta property=\"article:modified_time\" content=\"2019-07-02T10:10:48+00:00\" \/>\n<meta name=\"twitter:card\" content=\"summary_large_image\" \/>\n<meta name=\"twitter:label1\" content=\"Est. reading time\" \/>\n\t<meta name=\"twitter:data1\" content=\"4 minutes\" \/>\n<script type=\"application\/ld+json\" class=\"yoast-schema-graph\">{\"@context\":\"https:\/\/schema.org\",\"@graph\":[{\"@type\":\"WebPage\",\"@id\":\"https:\/\/bofood.hu\/en\/services\/\",\"url\":\"https:\/\/bofood.hu\/en\/services\/\",\"name\":\"SERVICES - BOFOOD TECH Kft.\",\"isPartOf\":{\"@id\":\"https:\/\/bofood.hu\/#website\"},\"datePublished\":\"2019-04-18T07:52:50+00:00\",\"dateModified\":\"2019-07-02T10:10:48+00:00\",\"breadcrumb\":{\"@id\":\"https:\/\/bofood.hu\/en\/services\/#breadcrumb\"},\"inLanguage\":\"en-US\",\"potentialAction\":[{\"@type\":\"ReadAction\",\"target\":[\"https:\/\/bofood.hu\/en\/services\/\"]}]},{\"@type\":\"BreadcrumbList\",\"@id\":\"https:\/\/bofood.hu\/en\/services\/#breadcrumb\",\"itemListElement\":[{\"@type\":\"ListItem\",\"position\":1,\"name\":\"Home\",\"item\":\"https:\/\/bofood.hu\/en\/\"},{\"@type\":\"ListItem\",\"position\":2,\"name\":\"SERVICES\"}]},{\"@type\":\"WebSite\",\"@id\":\"https:\/\/bofood.hu\/#website\",\"url\":\"https:\/\/bofood.hu\/\",\"name\":\"BOFOOD TECH Kft.\",\"description\":\"\u00c9lelmiszertechnol\u00f3giai megold\u00e1sok, fejleszt\u00e9sek, gy\u00e1rt\u00e1soptimaliz\u00e1l\u00e1s, hat\u00e9konys\u00e1gn\u00f6vel\u00e9s\",\"potentialAction\":[{\"@type\":\"SearchAction\",\"target\":{\"@type\":\"EntryPoint\",\"urlTemplate\":\"https:\/\/bofood.hu\/?s={search_term_string}\"},\"query-input\":\"required name=search_term_string\"}],\"inLanguage\":\"en-US\"}]}<\/script>\n<!-- \/ Yoast SEO plugin. -->","yoast_head_json":{"title":"SERVICES - BOFOOD TECH Kft.","robots":{"index":"index","follow":"follow","max-snippet":"max-snippet:-1","max-image-preview":"max-image-preview:large","max-video-preview":"max-video-preview:-1"},"canonical":"https:\/\/bofood.hu\/en\/services\/","og_locale":"en_US","og_type":"article","og_title":"SERVICES - BOFOOD TECH Kft.","og_description":"Besides selling research and development activities of our own technology, we welcome our future partners to implement existing and new research and development solutions. In addition to the mechanical design and marketing of our own development activity, we welcome our future partners to manufacture food machinery and equipment, develop existing machines, manufacture new machines and [&hellip;]","og_url":"https:\/\/bofood.hu\/en\/services\/","og_site_name":"BOFOOD TECH Kft.","article_modified_time":"2019-07-02T10:10:48+00:00","twitter_card":"summary_large_image","twitter_misc":{"Est. reading time":"4 minutes"},"schema":{"@context":"https:\/\/schema.org","@graph":[{"@type":"WebPage","@id":"https:\/\/bofood.hu\/en\/services\/","url":"https:\/\/bofood.hu\/en\/services\/","name":"SERVICES - BOFOOD TECH Kft.","isPartOf":{"@id":"https:\/\/bofood.hu\/#website"},"datePublished":"2019-04-18T07:52:50+00:00","dateModified":"2019-07-02T10:10:48+00:00","breadcrumb":{"@id":"https:\/\/bofood.hu\/en\/services\/#breadcrumb"},"inLanguage":"en-US","potentialAction":[{"@type":"ReadAction","target":["https:\/\/bofood.hu\/en\/services\/"]}]},{"@type":"BreadcrumbList","@id":"https:\/\/bofood.hu\/en\/services\/#breadcrumb","itemListElement":[{"@type":"ListItem","position":1,"name":"Home","item":"https:\/\/bofood.hu\/en\/"},{"@type":"ListItem","position":2,"name":"SERVICES"}]},{"@type":"WebSite","@id":"https:\/\/bofood.hu\/#website","url":"https:\/\/bofood.hu\/","name":"BOFOOD TECH Kft.","description":"\u00c9lelmiszertechnol\u00f3giai megold\u00e1sok, fejleszt\u00e9sek, gy\u00e1rt\u00e1soptimaliz\u00e1l\u00e1s, hat\u00e9konys\u00e1gn\u00f6vel\u00e9s","potentialAction":[{"@type":"SearchAction","target":{"@type":"EntryPoint","urlTemplate":"https:\/\/bofood.hu\/?s={search_term_string}"},"query-input":"required name=search_term_string"}],"inLanguage":"en-US"}]}},"_links":{"self":[{"href":"https:\/\/bofood.hu\/en\/wp-json\/wp\/v2\/pages\/573"}],"collection":[{"href":"https:\/\/bofood.hu\/en\/wp-json\/wp\/v2\/pages"}],"about":[{"href":"https:\/\/bofood.hu\/en\/wp-json\/wp\/v2\/types\/page"}],"author":[{"embeddable":true,"href":"https:\/\/bofood.hu\/en\/wp-json\/wp\/v2\/users\/2"}],"replies":[{"embeddable":true,"href":"https:\/\/bofood.hu\/en\/wp-json\/wp\/v2\/comments?post=573"}],"version-history":[{"count":5,"href":"https:\/\/bofood.hu\/en\/wp-json\/wp\/v2\/pages\/573\/revisions"}],"predecessor-version":[{"id":636,"href":"https:\/\/bofood.hu\/en\/wp-json\/wp\/v2\/pages\/573\/revisions\/636"}],"wp:attachment":[{"href":"https:\/\/bofood.hu\/en\/wp-json\/wp\/v2\/media?parent=573"}],"curies":[{"name":"wp","href":"https:\/\/api.w.org\/{rel}","templated":true}]}}