{"id":570,"date":"2019-04-18T09:50:43","date_gmt":"2019-04-18T07:50:43","guid":{"rendered":"http:\/\/bofood.hu\/?page_id=570"},"modified":"2021-10-28T13:46:34","modified_gmt":"2021-10-28T11:46:34","slug":"staff","status":"publish","type":"page","link":"https:\/\/bofood.hu\/en\/staff\/","title":{"rendered":"STAFF"},"content":{"rendered":"<p>[et_pb_section fb_built=&#8221;1&#8243; _builder_version=&#8221;3.22&#8243; custom_padding=&#8221;54px|0px|0|0px|false|false&#8221;][et_pb_row _builder_version=&#8221;3.25&#8243; background_size=&#8221;initial&#8221; background_position=&#8221;top_left&#8221; background_repeat=&#8221;repeat&#8221;][et_pb_column type=&#8221;4_4&#8243; _builder_version=&#8221;3.25&#8243; custom_padding=&#8221;|||&#8221; custom_padding__hover=&#8221;|||&#8221;][et_pb_team_member name=&#8221;Zsuzsa G\u00e1sp\u00e1r Bodn\u00e1rn\u00e9&#8221; position=&#8221;Managing Director&#8221; image_url=&#8221;http:\/\/bofood.hu\/wp-content\/uploads\/2018\/09\/bodnarne-gaspar-zsuzsa.jpg&#8221; icon_color=&#8221;#acc521&#8243; admin_label=&#8221;Bodn\u00e1rn\u00e9 G\u00e1sp\u00e1r Zsuzsa&#8221; _builder_version=&#8221;3.16.1&#8243; header_text_color=&#8221;#acc521&#8243; header_font_size=&#8221;36px&#8221; text_orientation=&#8221;left&#8221; animation_style=&#8221;fade&#8221; border_width_bottom_image=&#8221;5px&#8221; border_color_bottom_image=&#8221;#acc521&#8243;]She has been the managing director since the establishment of the company.<br \/>\nIn addition to managing the company, she is involved in the management and implementation of projects, and maintains an active relationship with the clients and the suppliers.<br \/>\nUnder her direction, the company received financial assistance within the framework of the Economic Development and Innovation Operational Program for the \u201cPrototype, Product, Technology, and Service Development\u201d application with the support of the European Union and the Government of Hungary, which opens up international market opportunities besides domestic clients for the company.<\/p>\n<p>Phone: +36-22\/200-286<br \/>\nE-mail: <a href=\"mailto:bodnarne.zsuzsa@bofood.hu\">bodnarne.zsuzsa@bofood.hu<\/a><br \/>\n[\/et_pb_team_member][et_pb_team_member name=&#8221;Istv\u00e1n Bodn\u00e1r&#8221; position=&#8221;Leading Research and Development Engineer&#8221; image_url=&#8221;http:\/\/bofood.hu\/wp-content\/uploads\/2018\/09\/bodnar-istvan.jpg&#8221; icon_color=&#8221;#acc521&#8243; admin_label=&#8221;Bodn\u00e1r Istv\u00e1n&#8221; _builder_version=&#8221;3.16.1&#8243; header_text_color=&#8221;#acc521&#8243; header_font_size=&#8221;36px&#8221; text_orientation=&#8221;left&#8221; animation_style=&#8221;fade&#8221; border_width_bottom_image=&#8221;5px&#8221; border_color_bottom_image=&#8221;#acc521&#8243;]Head of domestic and foreign development and construction projects primarily in the field of food industry. He has gained over 20 years of experience and practice in industrial manufacturing; handling manufacturing problems; development of technologies, recipes, and industrial equipment. In recent years, he developed procedures and equipment in several other industries that have led to new innovative solutions in the particular industrial sector.<\/p>\n<p>He is the inventor of the patent-pending invention entitled \u201cProcedure and equipment for the manufacture of food products, primarily egg-bar, from two or more components that solidify by heat.\u201d<\/p>\n<p>Phone: +36-22\/200-286<br \/>\nE-mail: <a href=\"mailto:bodnarne.zsuzsa@bofood.hu\">bodnar.istvan@bofood.hu<\/a><br \/>\n[\/et_pb_team_member][et_pb_team_member name=&#8221;S\u00e1ndor F\u00f3nad &#8221; position=&#8221;Mechanical Engineer in Food Industry&#8221; image_url=&#8221;http:\/\/bofood.hu\/wp-content\/uploads\/2018\/09\/sandor.jpg&#8221; icon_color=&#8221;#acc521&#8243; admin_label=&#8221;F\u00f3nad S\u00e1ndor&#8221; _builder_version=&#8221;3.16.1&#8243; header_text_color=&#8221;#acc521&#8243; header_font_size=&#8221;36px&#8221; text_orientation=&#8221;left&#8221; animation_style=&#8221;fade&#8221; border_width_bottom_image=&#8221;5px&#8221; border_color_bottom_image=&#8221;#acc521&#8243;]His main duties include the compilation of a user-friendly, comprehensive written and drawing documentation corresponding to the professional requirements, including technical specifications, operation manuals, and maintenance instructions in accordance with the level of the automation. He also prepares the compilation of the documentation for each project element, infrastructural unit (water, electrical grid etc.), each equipment.<\/p>\n<p>He takes part in designing the components of custom-made equipment, and prepares their technical documentation.<\/p>\n<p>Phone: +36-22\/200-286<br \/>\nE-mail: <a href=\"mailto:bodnarne.zsuzsa@bofood.hu\">fonad.sandor@bofood.hu<\/a><br \/>\n[\/et_pb_team_member][et_pb_team_member name=&#8221;Tibor G\u00e1sp\u00e1r&#8221; position=&#8221;Category Manager&#8221; image_url=&#8221;http:\/\/bofood.hu\/wp-content\/uploads\/2019\/10\/IMG_20191025_094326.jpg&#8221; icon_color=&#8221;#acc521&#8243; admin_label=&#8221;G\u00e1sp\u00e1r Tibor&#8221; _builder_version=&#8221;4.3.2&#8243; header_text_color=&#8221;#acc521&#8243; header_font_size=&#8221;36px&#8221; text_orientation=&#8221;left&#8221; animation_style=&#8221;fade&#8221; border_width_bottom_image=&#8221;5px&#8221; border_color_bottom_image=&#8221;#acc521&#8243;]<\/p>\n<p>He designs, coordinates, supervises, and controls the company\u2019s marketing activities in its projects, and assists the daily work of the project participants and the project manager.<\/p>\n<p>He keeps the company\u2019s communication interfaces up-to-date.<\/p>\n<p>He maintains an active relationship with tenderers, suppliers, and partner companies<\/p>\n<p>Phone: +36-22\/200-286<br \/>E-mail: <a href=\"mailto:bodnarne.zsuzsa@bofood.hu\">gaspar.tibor@bofood.hu<\/a><\/p>\n<p>[\/et_pb_team_member][et_pb_team_member name=&#8221;S\u00e1ndor Czimmermann &#8221; image_url=&#8221;http:\/\/bofood.hu\/wp-content\/uploads\/2018\/09\/cimmermann-sandor.jpg&#8221; icon_color=&#8221;#acc521&#8243; admin_label=&#8221;Czimmermann S\u00e1ndor&#8221; _builder_version=&#8221;3.16.1&#8243; header_text_color=&#8221;#acc521&#8243; header_font_size=&#8221;36px&#8221; text_orientation=&#8221;left&#8221; animation_style=&#8221;fade&#8221; border_width_bottom_image=&#8221;5px&#8221; border_color_bottom_image=&#8221;#acc521&#8243;]In the projects of Bofood Tech Kft., he manufactures, assembles certain mechanical machine components, and checks their technical condition after consulting with designers and technicians.<\/p>\n<p>He plans the machine components and the process of assembling them based on prior arrangement.<\/p>\n<p>He determines the quantity and the types of components necessary for the assembly. Based on the construction plans, he assembles subassemblies from parts, and machines from subassemblies.<\/p>\n<p>He monitors the assembly and repair processes.<br \/>\n[\/et_pb_team_member][et_pb_team_member name=&#8221;Istv\u00e1n Somogyi &#8221; position=&#8221;Electrical Technician&#8221; image_url=&#8221;http:\/\/bofood.hu\/wp-content\/uploads\/2018\/09\/somogy-istvan.jpg&#8221; icon_color=&#8221;#acc521&#8243; admin_label=&#8221;Somogyi Istv\u00e1n&#8221; _builder_version=&#8221;3.16.1&#8243; header_text_color=&#8221;#acc521&#8243; header_font_size=&#8221;36px&#8221; text_orientation=&#8221;left&#8221; animation_style=&#8221;fade&#8221; border_width_bottom_image=&#8221;5px&#8221; border_color_bottom_image=&#8221;#acc521&#8243;]In the projects of Bofood Tech Kft., he carries out technical tasks in connection with design, manufacturing, assembling, constructing, operating, maintaining, and repairing electronic equipment either independently or under engineering management.<\/p>\n<p>Based on prior agreement, he plans electrical networks according to the technical specifications.<\/p>\n<p>He provides technical assistance related to research and development of electronic equipment and testing prototypes.<\/p>\n<p>He checks the completed installations from security and control aspect, and installs new electronic equipment or systems.<br \/>\n[\/et_pb_team_member][et_pb_team_member name=&#8221;Zsolt Botos&#8221; position=&#8221;Draftsman&#8221; image_url=&#8221;http:\/\/bofood.hu\/wp-content\/uploads\/2018\/09\/botos-zsolt.jpg&#8221; icon_color=&#8221;#acc521&#8243; admin_label=&#8221;Botos Zsolt&#8221; _builder_version=&#8221;4.3.2&#8243; header_text_color=&#8221;#acc521&#8243; header_font_size=&#8221;36px&#8221; text_orientation=&#8221;left&#8221; animation_style=&#8221;fade&#8221; border_width_bottom_image=&#8221;5px&#8221; border_color_bottom_image=&#8221;#acc521&#8243;]Based on consultations with designers, he takes part in making manual sketches of machines and equipment, and drawing up the task plan.<\/p>\n<p>He defines the actual dimensions on the technical drawing, makes master drawings, shop drawings, detail drawings, and spatial drawings.<\/p>\n<p>He draws the printed and digital versions of execution designs, prepares printed documentation for the completed machines and equipment.<br \/>\n[\/et_pb_team_member][et_pb_team_member name=&#8221;Tibor J\u00f3zsef Cs\u00f3ri&#8221; position=&#8221;Fitter&#8221; image_url=&#8221;https:\/\/bofood.hu\/wp-content\/uploads\/2020\/12\/129759430_1015976485566700_7851134802829784399_n.jpg&#8221; icon_color=&#8221;#acc521&#8243; admin_label=&#8221;Cs\u00f3ri Tibor J\u00f3zsef&#8221; _builder_version=&#8221;4.7.7&#8243; header_text_color=&#8221;#acc521&#8243; header_font_size=&#8221;36px&#8221; text_orientation=&#8221;left&#8221; animation_style=&#8221;fade&#8221; border_width_bottom_image=&#8221;5px&#8221; border_color_bottom_image=&#8221;#acc521&#8243;]<\/p>\n<p>In the projects of Bofood Tech Kft., he manufactures, assembles, repairs, and maintains machine parts from iron, steel, stainless materials, and other metal materials based on the technical documentation of machines and equipment.<br \/>He determines the amount of material needed and the technological order.<br \/>He sets the technical parameters that ensure the operation of machine structures and machines.<br \/>He checks the machines during site inspections and carries out operational testing during the installation of machines.<\/p>\n<p>[\/et_pb_team_member][\/et_pb_column][\/et_pb_row][\/et_pb_section]<\/p>\n","protected":false},"excerpt":{"rendered":"<p>She has been the managing director since the establishment of the company. In addition to managing the company, she is involved in the management and implementation of projects, and maintains an active relationship with the clients and the suppliers. Under her direction, the company received financial assistance within the framework of the Economic Development and [&hellip;]<\/p>\n","protected":false},"author":2,"featured_media":0,"parent":0,"menu_order":0,"comment_status":"closed","ping_status":"closed","template":"","meta":{"_et_pb_use_builder":"on","_et_pb_old_content":"","_et_gb_content_width":"","_mi_skip_tracking":false,"_monsterinsights_sitenote_active":false,"_monsterinsights_sitenote_note":"","_monsterinsights_sitenote_category":0,"footnotes":""},"yoast_head":"<!-- This site is optimized with the Yoast SEO plugin v21.2 - https:\/\/yoast.com\/wordpress\/plugins\/seo\/ -->\n<title>STAFF - BOFOOD TECH Kft.<\/title>\n<meta name=\"robots\" content=\"index, follow, max-snippet:-1, max-image-preview:large, max-video-preview:-1\" \/>\n<link rel=\"canonical\" href=\"https:\/\/bofood.hu\/en\/staff\/\" \/>\n<meta property=\"og:locale\" content=\"en_US\" \/>\n<meta property=\"og:type\" content=\"article\" \/>\n<meta property=\"og:title\" content=\"STAFF - BOFOOD TECH Kft.\" \/>\n<meta property=\"og:description\" content=\"She has been the managing director since the establishment of the company. In addition to managing the company, she is involved in the management and implementation of projects, and maintains an active relationship with the clients and the suppliers. Under her direction, the company received financial assistance within the framework of the Economic Development and [&hellip;]\" \/>\n<meta property=\"og:url\" content=\"https:\/\/bofood.hu\/en\/staff\/\" \/>\n<meta property=\"og:site_name\" content=\"BOFOOD TECH Kft.\" \/>\n<meta property=\"article:modified_time\" content=\"2021-10-28T11:46:34+00:00\" \/>\n<meta name=\"twitter:card\" content=\"summary_large_image\" \/>\n<meta name=\"twitter:label1\" content=\"Est. reading time\" \/>\n\t<meta name=\"twitter:data1\" content=\"6 minutes\" \/>\n<script type=\"application\/ld+json\" class=\"yoast-schema-graph\">{\"@context\":\"https:\/\/schema.org\",\"@graph\":[{\"@type\":\"WebPage\",\"@id\":\"https:\/\/bofood.hu\/en\/staff\/\",\"url\":\"https:\/\/bofood.hu\/en\/staff\/\",\"name\":\"STAFF - BOFOOD TECH Kft.\",\"isPartOf\":{\"@id\":\"https:\/\/bofood.hu\/#website\"},\"datePublished\":\"2019-04-18T07:50:43+00:00\",\"dateModified\":\"2021-10-28T11:46:34+00:00\",\"breadcrumb\":{\"@id\":\"https:\/\/bofood.hu\/en\/staff\/#breadcrumb\"},\"inLanguage\":\"en-US\",\"potentialAction\":[{\"@type\":\"ReadAction\",\"target\":[\"https:\/\/bofood.hu\/en\/staff\/\"]}]},{\"@type\":\"BreadcrumbList\",\"@id\":\"https:\/\/bofood.hu\/en\/staff\/#breadcrumb\",\"itemListElement\":[{\"@type\":\"ListItem\",\"position\":1,\"name\":\"Home\",\"item\":\"https:\/\/bofood.hu\/en\/\"},{\"@type\":\"ListItem\",\"position\":2,\"name\":\"STAFF\"}]},{\"@type\":\"WebSite\",\"@id\":\"https:\/\/bofood.hu\/#website\",\"url\":\"https:\/\/bofood.hu\/\",\"name\":\"BOFOOD TECH Kft.\",\"description\":\"\u00c9lelmiszertechnol\u00f3giai megold\u00e1sok, fejleszt\u00e9sek, gy\u00e1rt\u00e1soptimaliz\u00e1l\u00e1s, hat\u00e9konys\u00e1gn\u00f6vel\u00e9s\",\"potentialAction\":[{\"@type\":\"SearchAction\",\"target\":{\"@type\":\"EntryPoint\",\"urlTemplate\":\"https:\/\/bofood.hu\/?s={search_term_string}\"},\"query-input\":\"required name=search_term_string\"}],\"inLanguage\":\"en-US\"}]}<\/script>\n<!-- \/ Yoast SEO plugin. -->","yoast_head_json":{"title":"STAFF - BOFOOD TECH Kft.","robots":{"index":"index","follow":"follow","max-snippet":"max-snippet:-1","max-image-preview":"max-image-preview:large","max-video-preview":"max-video-preview:-1"},"canonical":"https:\/\/bofood.hu\/en\/staff\/","og_locale":"en_US","og_type":"article","og_title":"STAFF - BOFOOD TECH Kft.","og_description":"She has been the managing director since the establishment of the company. In addition to managing the company, she is involved in the management and implementation of projects, and maintains an active relationship with the clients and the suppliers. Under her direction, the company received financial assistance within the framework of the Economic Development and [&hellip;]","og_url":"https:\/\/bofood.hu\/en\/staff\/","og_site_name":"BOFOOD TECH Kft.","article_modified_time":"2021-10-28T11:46:34+00:00","twitter_card":"summary_large_image","twitter_misc":{"Est. reading time":"6 minutes"},"schema":{"@context":"https:\/\/schema.org","@graph":[{"@type":"WebPage","@id":"https:\/\/bofood.hu\/en\/staff\/","url":"https:\/\/bofood.hu\/en\/staff\/","name":"STAFF - BOFOOD TECH Kft.","isPartOf":{"@id":"https:\/\/bofood.hu\/#website"},"datePublished":"2019-04-18T07:50:43+00:00","dateModified":"2021-10-28T11:46:34+00:00","breadcrumb":{"@id":"https:\/\/bofood.hu\/en\/staff\/#breadcrumb"},"inLanguage":"en-US","potentialAction":[{"@type":"ReadAction","target":["https:\/\/bofood.hu\/en\/staff\/"]}]},{"@type":"BreadcrumbList","@id":"https:\/\/bofood.hu\/en\/staff\/#breadcrumb","itemListElement":[{"@type":"ListItem","position":1,"name":"Home","item":"https:\/\/bofood.hu\/en\/"},{"@type":"ListItem","position":2,"name":"STAFF"}]},{"@type":"WebSite","@id":"https:\/\/bofood.hu\/#website","url":"https:\/\/bofood.hu\/","name":"BOFOOD TECH Kft.","description":"\u00c9lelmiszertechnol\u00f3giai megold\u00e1sok, fejleszt\u00e9sek, gy\u00e1rt\u00e1soptimaliz\u00e1l\u00e1s, hat\u00e9konys\u00e1gn\u00f6vel\u00e9s","potentialAction":[{"@type":"SearchAction","target":{"@type":"EntryPoint","urlTemplate":"https:\/\/bofood.hu\/?s={search_term_string}"},"query-input":"required name=search_term_string"}],"inLanguage":"en-US"}]}},"_links":{"self":[{"href":"https:\/\/bofood.hu\/en\/wp-json\/wp\/v2\/pages\/570"}],"collection":[{"href":"https:\/\/bofood.hu\/en\/wp-json\/wp\/v2\/pages"}],"about":[{"href":"https:\/\/bofood.hu\/en\/wp-json\/wp\/v2\/types\/page"}],"author":[{"embeddable":true,"href":"https:\/\/bofood.hu\/en\/wp-json\/wp\/v2\/users\/2"}],"replies":[{"embeddable":true,"href":"https:\/\/bofood.hu\/en\/wp-json\/wp\/v2\/comments?post=570"}],"version-history":[{"count":47,"href":"https:\/\/bofood.hu\/en\/wp-json\/wp\/v2\/pages\/570\/revisions"}],"predecessor-version":[{"id":1120,"href":"https:\/\/bofood.hu\/en\/wp-json\/wp\/v2\/pages\/570\/revisions\/1120"}],"wp:attachment":[{"href":"https:\/\/bofood.hu\/en\/wp-json\/wp\/v2\/media?parent=570"}],"curies":[{"name":"wp","href":"https:\/\/api.w.org\/{rel}","templated":true}]}}