{"id":555,"date":"2019-04-18T09:44:04","date_gmt":"2019-04-18T07:44:04","guid":{"rendered":"http:\/\/bofood.hu\/?page_id=555"},"modified":"2019-07-09T10:43:26","modified_gmt":"2019-07-09T08:43:26","slug":"impressum","status":"publish","type":"page","link":"https:\/\/bofood.hu\/en\/impressum\/","title":{"rendered":"Impressum"},"content":{"rendered":"<p>[et_pb_section bb_built=&#8221;1&#8243; _builder_version=&#8221;3.0.47&#8243;][et_pb_row _builder_version=&#8221;3.0.47&#8243; background_size=&#8221;initial&#8221; background_position=&#8221;top_left&#8221; background_repeat=&#8221;repeat&#8221;][et_pb_column type=&#8221;4_4&#8243;][et_pb_text _builder_version=&#8221;3.16.1&#8243;]<\/p>\n<h1>Impressum<\/h1>\n<p>[\/et_pb_text][et_pb_text _builder_version=&#8221;3.16.1&#8243;]<\/p>\n<p><b>Company name:<\/b> <span style=\"font-weight: 400;\">\u00a0\u00a0\u00a0 <\/span><span style=\"font-weight: 400;\">Bofood Tech Fejleszt\u0151 \u00e9s Kivitelez\u0151 Kft.<\/span><\/p>\n<p><span style=\"font-weight: 400;\">Address: <\/span><span style=\"font-weight: 400;\">\u00a0\u00a0\u00a0 <\/span><span style=\"font-weight: 400;\">8000 Sz\u00e9kesfeh\u00e9rv\u00e1r, S\u00f3st\u00f3 Ipari park 66.<\/span><\/p>\n<p><span style=\"font-weight: 400;\">Post address: <\/span><span style=\"font-weight: 400;\">\u00a0\u00a0\u00a0 <\/span><span style=\"font-weight: 400;\">8000 Sz\u00e9kesfeh\u00e9rv\u00e1r, S\u00f3st\u00f3 Ipari park 66.<\/span><\/p>\n<p><span style=\"font-weight: 400;\">Phone number:<\/span><span style=\"font-weight: 400;\">\u00a0\u00a0\u00a0 <\/span><span style=\"font-weight: 400;\">+36 22\u00a0200\u00a0286<\/span><\/p>\n<p><span style=\"font-weight: 400;\">e-mail:<\/span><span style=\"font-weight: 400;\">\u00a0\u00a0\u00a0 <\/span><a href=\"mailto:info@bofood.hu\"><span style=\"font-weight: 400;\">info@bofood.hu<\/span><\/a><\/p>\n<p><span style=\"font-weight: 400;\">Company number: <\/span><span style=\"font-weight: 400;\">\u00a0\u00a0\u00a0 <\/span><span style=\"font-weight: 400;\">07-09-023013<\/span><\/p>\n<p><span style=\"font-weight: 400;\">Registration:<\/span><span style=\"font-weight: 400;\">\u00a0\u00a0\u00a0 <\/span><span style=\"font-weight: 400;\"> Sz\u00e9kesfeh\u00e9rv\u00e1ri T\u00f6rv\u00e9nysz\u00e9k C\u00e9gb\u00edr\u00f3s\u00e1ga<\/span><\/p>\n<p><span style=\"font-weight: 400;\">Tax number: <\/span><span style=\"font-weight: 400;\">\u00a0\u00a0\u00a0 <\/span><span style=\"font-weight: 400;\">24145095-2-07<\/span><\/p>\n<p><span style=\"font-weight: 400;\">Industry membership: <\/span><span style=\"font-weight: 400;\">\u00a0\u00a0\u00a0 <\/span><span style=\"font-weight: 400;\">Iparkamara FMKIK Fej\u00e9r Megyei Iparkamara<\/span><\/p>\n<p><b>Server hosting:<\/b> <span style=\"font-weight: 400;\">\u00a0\u00a0\u00a0 <\/span><span style=\"font-weight: 400;\">Farkasn\u00e9 Zer\u00e9nyi Ildik\u00f3 e.v.<\/span><\/p>\n<p><span style=\"font-weight: 400;\">Server address: <\/span><span style=\"font-weight: 400;\">\u00a0\u00a0\u00a0 <\/span><span style=\"font-weight: 400;\">8000, Sz\u00e9kesfeh\u00e9rv\u00e1r Sz\u00f6r\u00e9nyi utca 85\/3<\/span><\/p>\n<p><span style=\"font-weight: 400;\">Server post address: <\/span><span style=\"font-weight: 400;\">\u00a0\u00a0\u00a0 <\/span><span style=\"font-weight: 400;\">8000, Sz\u00e9kesfeh\u00e9rv\u00e1r Sz\u00f6r\u00e9nyi utca 85\/3<\/span><\/p>\n<p><span style=\"font-weight: 400;\">Server phone: <\/span><span style=\"font-weight: 400;\">\u00a0\u00a0\u00a0 <\/span><span style=\"font-weight: 400;\">+36 20\u00a0966 7523<\/span><\/p>\n<p><span style=\"font-weight: 400;\">Server e-mail address: <\/span><span style=\"font-weight: 400;\">\u00a0\u00a0\u00a0 <\/span><a href=\"mailto:info@infotools.hu\"><span style=\"font-weight: 400;\">info@infotools.hu<\/span><\/a><\/p>\n<p>[\/et_pb_text][\/et_pb_column][\/et_pb_row][\/et_pb_section]<\/p>\n","protected":false},"excerpt":{"rendered":"<p>Impressum Company name: \u00a0\u00a0\u00a0 Bofood Tech Fejleszt\u0151 \u00e9s Kivitelez\u0151 Kft. Address: \u00a0\u00a0\u00a0 8000 Sz\u00e9kesfeh\u00e9rv\u00e1r, S\u00f3st\u00f3 Ipari park 66. Post address: \u00a0\u00a0\u00a0 8000 Sz\u00e9kesfeh\u00e9rv\u00e1r, S\u00f3st\u00f3 Ipari park 66. Phone number:\u00a0\u00a0\u00a0 +36 22\u00a0200\u00a0286 e-mail:\u00a0\u00a0\u00a0 info@bofood.hu Company number: \u00a0\u00a0\u00a0 07-09-023013 Registration:\u00a0\u00a0\u00a0 Sz\u00e9kesfeh\u00e9rv\u00e1ri T\u00f6rv\u00e9nysz\u00e9k C\u00e9gb\u00edr\u00f3s\u00e1ga Tax number: \u00a0\u00a0\u00a0 24145095-2-07 Industry membership: \u00a0\u00a0\u00a0 Iparkamara FMKIK Fej\u00e9r Megyei Iparkamara Server hosting: [&hellip;]<\/p>\n","protected":false},"author":2,"featured_media":0,"parent":0,"menu_order":0,"comment_status":"closed","ping_status":"closed","template":"","meta":{"_et_pb_use_builder":"on","_et_pb_old_content":"","_et_gb_content_width":"","_mi_skip_tracking":false,"_monsterinsights_sitenote_active":false,"_monsterinsights_sitenote_note":"","_monsterinsights_sitenote_category":0,"footnotes":""},"yoast_head":"<!-- This site is optimized with the Yoast SEO plugin v21.2 - https:\/\/yoast.com\/wordpress\/plugins\/seo\/ -->\n<title>Impressum - BOFOOD TECH Kft.<\/title>\n<meta name=\"robots\" content=\"index, follow, max-snippet:-1, max-image-preview:large, max-video-preview:-1\" \/>\n<link rel=\"canonical\" href=\"https:\/\/bofood.hu\/en\/impressum\/\" \/>\n<meta property=\"og:locale\" content=\"en_US\" \/>\n<meta property=\"og:type\" content=\"article\" \/>\n<meta property=\"og:title\" content=\"Impressum - BOFOOD TECH Kft.\" \/>\n<meta property=\"og:description\" content=\"Impressum Company name: \u00a0\u00a0\u00a0 Bofood Tech Fejleszt\u0151 \u00e9s Kivitelez\u0151 Kft. Address: \u00a0\u00a0\u00a0 8000 Sz\u00e9kesfeh\u00e9rv\u00e1r, S\u00f3st\u00f3 Ipari park 66. Post address: \u00a0\u00a0\u00a0 8000 Sz\u00e9kesfeh\u00e9rv\u00e1r, S\u00f3st\u00f3 Ipari park 66. Phone number:\u00a0\u00a0\u00a0 +36 22\u00a0200\u00a0286 e-mail:\u00a0\u00a0\u00a0 info@bofood.hu Company number: \u00a0\u00a0\u00a0 07-09-023013 Registration:\u00a0\u00a0\u00a0 Sz\u00e9kesfeh\u00e9rv\u00e1ri T\u00f6rv\u00e9nysz\u00e9k C\u00e9gb\u00edr\u00f3s\u00e1ga Tax number: \u00a0\u00a0\u00a0 24145095-2-07 Industry membership: \u00a0\u00a0\u00a0 Iparkamara FMKIK Fej\u00e9r Megyei Iparkamara Server hosting: [&hellip;]\" \/>\n<meta property=\"og:url\" content=\"https:\/\/bofood.hu\/en\/impressum\/\" \/>\n<meta property=\"og:site_name\" content=\"BOFOOD TECH Kft.\" \/>\n<meta property=\"article:modified_time\" content=\"2019-07-09T08:43:26+00:00\" \/>\n<meta name=\"twitter:card\" content=\"summary_large_image\" \/>\n<meta name=\"twitter:label1\" content=\"Est. reading time\" \/>\n\t<meta name=\"twitter:data1\" content=\"1 minute\" \/>\n<script type=\"application\/ld+json\" class=\"yoast-schema-graph\">{\"@context\":\"https:\/\/schema.org\",\"@graph\":[{\"@type\":\"WebPage\",\"@id\":\"https:\/\/bofood.hu\/en\/impressum\/\",\"url\":\"https:\/\/bofood.hu\/en\/impressum\/\",\"name\":\"Impressum - BOFOOD TECH Kft.\",\"isPartOf\":{\"@id\":\"https:\/\/bofood.hu\/#website\"},\"datePublished\":\"2019-04-18T07:44:04+00:00\",\"dateModified\":\"2019-07-09T08:43:26+00:00\",\"breadcrumb\":{\"@id\":\"https:\/\/bofood.hu\/en\/impressum\/#breadcrumb\"},\"inLanguage\":\"en-US\",\"potentialAction\":[{\"@type\":\"ReadAction\",\"target\":[\"https:\/\/bofood.hu\/en\/impressum\/\"]}]},{\"@type\":\"BreadcrumbList\",\"@id\":\"https:\/\/bofood.hu\/en\/impressum\/#breadcrumb\",\"itemListElement\":[{\"@type\":\"ListItem\",\"position\":1,\"name\":\"Home\",\"item\":\"https:\/\/bofood.hu\/en\/\"},{\"@type\":\"ListItem\",\"position\":2,\"name\":\"Impressum\"}]},{\"@type\":\"WebSite\",\"@id\":\"https:\/\/bofood.hu\/#website\",\"url\":\"https:\/\/bofood.hu\/\",\"name\":\"BOFOOD TECH Kft.\",\"description\":\"\u00c9lelmiszertechnol\u00f3giai megold\u00e1sok, fejleszt\u00e9sek, gy\u00e1rt\u00e1soptimaliz\u00e1l\u00e1s, hat\u00e9konys\u00e1gn\u00f6vel\u00e9s\",\"potentialAction\":[{\"@type\":\"SearchAction\",\"target\":{\"@type\":\"EntryPoint\",\"urlTemplate\":\"https:\/\/bofood.hu\/?s={search_term_string}\"},\"query-input\":\"required name=search_term_string\"}],\"inLanguage\":\"en-US\"}]}<\/script>\n<!-- \/ Yoast SEO plugin. -->","yoast_head_json":{"title":"Impressum - BOFOOD TECH Kft.","robots":{"index":"index","follow":"follow","max-snippet":"max-snippet:-1","max-image-preview":"max-image-preview:large","max-video-preview":"max-video-preview:-1"},"canonical":"https:\/\/bofood.hu\/en\/impressum\/","og_locale":"en_US","og_type":"article","og_title":"Impressum - BOFOOD TECH Kft.","og_description":"Impressum Company name: \u00a0\u00a0\u00a0 Bofood Tech Fejleszt\u0151 \u00e9s Kivitelez\u0151 Kft. Address: \u00a0\u00a0\u00a0 8000 Sz\u00e9kesfeh\u00e9rv\u00e1r, S\u00f3st\u00f3 Ipari park 66. Post address: \u00a0\u00a0\u00a0 8000 Sz\u00e9kesfeh\u00e9rv\u00e1r, S\u00f3st\u00f3 Ipari park 66. Phone number:\u00a0\u00a0\u00a0 +36 22\u00a0200\u00a0286 e-mail:\u00a0\u00a0\u00a0 info@bofood.hu Company number: \u00a0\u00a0\u00a0 07-09-023013 Registration:\u00a0\u00a0\u00a0 Sz\u00e9kesfeh\u00e9rv\u00e1ri T\u00f6rv\u00e9nysz\u00e9k C\u00e9gb\u00edr\u00f3s\u00e1ga Tax number: \u00a0\u00a0\u00a0 24145095-2-07 Industry membership: \u00a0\u00a0\u00a0 Iparkamara FMKIK Fej\u00e9r Megyei Iparkamara Server hosting: [&hellip;]","og_url":"https:\/\/bofood.hu\/en\/impressum\/","og_site_name":"BOFOOD TECH Kft.","article_modified_time":"2019-07-09T08:43:26+00:00","twitter_card":"summary_large_image","twitter_misc":{"Est. reading time":"1 minute"},"schema":{"@context":"https:\/\/schema.org","@graph":[{"@type":"WebPage","@id":"https:\/\/bofood.hu\/en\/impressum\/","url":"https:\/\/bofood.hu\/en\/impressum\/","name":"Impressum - BOFOOD TECH Kft.","isPartOf":{"@id":"https:\/\/bofood.hu\/#website"},"datePublished":"2019-04-18T07:44:04+00:00","dateModified":"2019-07-09T08:43:26+00:00","breadcrumb":{"@id":"https:\/\/bofood.hu\/en\/impressum\/#breadcrumb"},"inLanguage":"en-US","potentialAction":[{"@type":"ReadAction","target":["https:\/\/bofood.hu\/en\/impressum\/"]}]},{"@type":"BreadcrumbList","@id":"https:\/\/bofood.hu\/en\/impressum\/#breadcrumb","itemListElement":[{"@type":"ListItem","position":1,"name":"Home","item":"https:\/\/bofood.hu\/en\/"},{"@type":"ListItem","position":2,"name":"Impressum"}]},{"@type":"WebSite","@id":"https:\/\/bofood.hu\/#website","url":"https:\/\/bofood.hu\/","name":"BOFOOD TECH Kft.","description":"\u00c9lelmiszertechnol\u00f3giai megold\u00e1sok, fejleszt\u00e9sek, gy\u00e1rt\u00e1soptimaliz\u00e1l\u00e1s, hat\u00e9konys\u00e1gn\u00f6vel\u00e9s","potentialAction":[{"@type":"SearchAction","target":{"@type":"EntryPoint","urlTemplate":"https:\/\/bofood.hu\/?s={search_term_string}"},"query-input":"required name=search_term_string"}],"inLanguage":"en-US"}]}},"_links":{"self":[{"href":"https:\/\/bofood.hu\/en\/wp-json\/wp\/v2\/pages\/555"}],"collection":[{"href":"https:\/\/bofood.hu\/en\/wp-json\/wp\/v2\/pages"}],"about":[{"href":"https:\/\/bofood.hu\/en\/wp-json\/wp\/v2\/types\/page"}],"author":[{"embeddable":true,"href":"https:\/\/bofood.hu\/en\/wp-json\/wp\/v2\/users\/2"}],"replies":[{"embeddable":true,"href":"https:\/\/bofood.hu\/en\/wp-json\/wp\/v2\/comments?post=555"}],"version-history":[{"count":5,"href":"https:\/\/bofood.hu\/en\/wp-json\/wp\/v2\/pages\/555\/revisions"}],"predecessor-version":[{"id":653,"href":"https:\/\/bofood.hu\/en\/wp-json\/wp\/v2\/pages\/555\/revisions\/653"}],"wp:attachment":[{"href":"https:\/\/bofood.hu\/en\/wp-json\/wp\/v2\/media?parent=555"}],"curies":[{"name":"wp","href":"https:\/\/api.w.org\/{rel}","templated":true}]}}