{"id":552,"date":"2019-04-18T09:41:14","date_gmt":"2019-04-18T07:41:14","guid":{"rendered":"http:\/\/bofood.hu\/?page_id=552"},"modified":"2019-07-02T11:45:15","modified_gmt":"2019-07-02T09:45:15","slug":"news","status":"publish","type":"page","link":"https:\/\/bofood.hu\/en\/news\/","title":{"rendered":"NEWS"},"content":{"rendered":"<p>[et_pb_section bb_built=&#8221;1&#8243; fullwidth=&#8221;on&#8221; _builder_version=&#8221;3.4.1&#8243; next_background_color=&#8221;#000000&#8243;][et_pb_fullwidth_header title=&#8221;NEWS&#8221; _builder_version=&#8221;3.16.1&#8243; title_font_size=&#8221;46px&#8221; title_text_shadow_style=&#8221;preset2&#8243; background_image=&#8221;http:\/\/bofood.hu\/wp-content\/uploads\/2018\/10\/default-3499437_1280.jpg&#8221; background_position=&#8221;bottom_center&#8221; custom_margin=&#8221;|||&#8221; custom_padding=&#8221;125px||125px||true&#8221; custom_padding_tablet=&#8221;100px||100px||true&#8221; custom_padding_phone=&#8221;75px||75px||true&#8221; custom_padding_last_edited=&#8221;on|desktop&#8221; button_one_text_size__hover_enabled=&#8221;off&#8221; button_one_text_size__hover=&#8221;null&#8221; button_two_text_size__hover_enabled=&#8221;off&#8221; button_two_text_size__hover=&#8221;null&#8221; button_one_text_color__hover_enabled=&#8221;off&#8221; button_one_text_color__hover=&#8221;null&#8221; button_two_text_color__hover_enabled=&#8221;off&#8221; button_two_text_color__hover=&#8221;null&#8221; button_one_border_width__hover_enabled=&#8221;off&#8221; button_one_border_width__hover=&#8221;null&#8221; button_two_border_width__hover_enabled=&#8221;off&#8221; button_two_border_width__hover=&#8221;null&#8221; button_one_border_color__hover_enabled=&#8221;off&#8221; button_one_border_color__hover=&#8221;null&#8221; button_two_border_color__hover_enabled=&#8221;off&#8221; button_two_border_color__hover=&#8221;null&#8221; button_one_border_radius__hover_enabled=&#8221;off&#8221; button_one_border_radius__hover=&#8221;null&#8221; button_two_border_radius__hover_enabled=&#8221;off&#8221; button_two_border_radius__hover=&#8221;null&#8221; button_one_letter_spacing__hover_enabled=&#8221;off&#8221; button_one_letter_spacing__hover=&#8221;null&#8221; button_two_letter_spacing__hover_enabled=&#8221;off&#8221; button_two_letter_spacing__hover=&#8221;null&#8221; button_one_bg_color__hover_enabled=&#8221;off&#8221; button_one_bg_color__hover=&#8221;null&#8221; button_two_bg_color__hover_enabled=&#8221;off&#8221; button_two_bg_color__hover=&#8221;null&#8221; \/][\/et_pb_section][et_pb_section bb_built=&#8221;1&#8243; admin_label=&#8221;section&#8221; _builder_version=&#8221;3.16.1&#8243; custom_padding=&#8221;0|0px|54px|0px|false|false&#8221; prev_background_color=&#8221;#000000&#8243;][et_pb_row admin_label=&#8221;row&#8221; _builder_version=&#8221;3.0.47&#8243; background_size=&#8221;initial&#8221; background_position=&#8221;top_left&#8221; background_repeat=&#8221;repeat&#8221;][et_pb_column type=&#8221;4_4&#8243;][et_pb_blog include_categories=&#8221;7&#8243; meta_date=&#8221;Y. F j.&#8221; show_more=&#8221;on&#8221; show_author=&#8221;off&#8221; _builder_version=&#8221;3.16.1&#8243; header_font=&#8221;||||||||&#8221; header_text_color=&#8221;#acc521&#8243; \/][\/et_pb_column][\/et_pb_row][\/et_pb_section]<\/p>\n","protected":false},"excerpt":{"rendered":"","protected":false},"author":2,"featured_media":0,"parent":0,"menu_order":0,"comment_status":"closed","ping_status":"closed","template":"","meta":{"_et_pb_use_builder":"on","_et_pb_old_content":"","_et_gb_content_width":"","_mi_skip_tracking":false,"_monsterinsights_sitenote_active":false,"_monsterinsights_sitenote_note":"","_monsterinsights_sitenote_category":0,"footnotes":""},"yoast_head":"<!-- This site is optimized with the Yoast SEO plugin v21.2 - https:\/\/yoast.com\/wordpress\/plugins\/seo\/ -->\n<title>NEWS - BOFOOD TECH Kft.<\/title>\n<meta name=\"robots\" content=\"index, follow, max-snippet:-1, max-image-preview:large, max-video-preview:-1\" \/>\n<link rel=\"canonical\" href=\"https:\/\/bofood.hu\/en\/news\/\" \/>\n<meta property=\"og:locale\" content=\"en_US\" \/>\n<meta property=\"og:type\" content=\"article\" \/>\n<meta property=\"og:title\" content=\"NEWS - BOFOOD TECH Kft.\" \/>\n<meta property=\"og:url\" content=\"https:\/\/bofood.hu\/en\/news\/\" \/>\n<meta property=\"og:site_name\" content=\"BOFOOD TECH Kft.\" \/>\n<meta property=\"article:modified_time\" content=\"2019-07-02T09:45:15+00:00\" \/>\n<meta name=\"twitter:card\" content=\"summary_large_image\" \/>\n<meta name=\"twitter:label1\" content=\"Est. reading time\" \/>\n\t<meta name=\"twitter:data1\" content=\"2 minutes\" \/>\n<script type=\"application\/ld+json\" class=\"yoast-schema-graph\">{\"@context\":\"https:\/\/schema.org\",\"@graph\":[{\"@type\":\"WebPage\",\"@id\":\"https:\/\/bofood.hu\/en\/news\/\",\"url\":\"https:\/\/bofood.hu\/en\/news\/\",\"name\":\"NEWS - BOFOOD TECH Kft.\",\"isPartOf\":{\"@id\":\"https:\/\/bofood.hu\/#website\"},\"datePublished\":\"2019-04-18T07:41:14+00:00\",\"dateModified\":\"2019-07-02T09:45:15+00:00\",\"breadcrumb\":{\"@id\":\"https:\/\/bofood.hu\/en\/news\/#breadcrumb\"},\"inLanguage\":\"en-US\",\"potentialAction\":[{\"@type\":\"ReadAction\",\"target\":[\"https:\/\/bofood.hu\/en\/news\/\"]}]},{\"@type\":\"BreadcrumbList\",\"@id\":\"https:\/\/bofood.hu\/en\/news\/#breadcrumb\",\"itemListElement\":[{\"@type\":\"ListItem\",\"position\":1,\"name\":\"Home\",\"item\":\"https:\/\/bofood.hu\/en\/\"},{\"@type\":\"ListItem\",\"position\":2,\"name\":\"NEWS\"}]},{\"@type\":\"WebSite\",\"@id\":\"https:\/\/bofood.hu\/#website\",\"url\":\"https:\/\/bofood.hu\/\",\"name\":\"BOFOOD TECH Kft.\",\"description\":\"\u00c9lelmiszertechnol\u00f3giai megold\u00e1sok, fejleszt\u00e9sek, gy\u00e1rt\u00e1soptimaliz\u00e1l\u00e1s, hat\u00e9konys\u00e1gn\u00f6vel\u00e9s\",\"potentialAction\":[{\"@type\":\"SearchAction\",\"target\":{\"@type\":\"EntryPoint\",\"urlTemplate\":\"https:\/\/bofood.hu\/?s={search_term_string}\"},\"query-input\":\"required name=search_term_string\"}],\"inLanguage\":\"en-US\"}]}<\/script>\n<!-- \/ Yoast SEO plugin. -->","yoast_head_json":{"title":"NEWS - BOFOOD TECH Kft.","robots":{"index":"index","follow":"follow","max-snippet":"max-snippet:-1","max-image-preview":"max-image-preview:large","max-video-preview":"max-video-preview:-1"},"canonical":"https:\/\/bofood.hu\/en\/news\/","og_locale":"en_US","og_type":"article","og_title":"NEWS - BOFOOD TECH Kft.","og_url":"https:\/\/bofood.hu\/en\/news\/","og_site_name":"BOFOOD TECH Kft.","article_modified_time":"2019-07-02T09:45:15+00:00","twitter_card":"summary_large_image","twitter_misc":{"Est. reading time":"2 minutes"},"schema":{"@context":"https:\/\/schema.org","@graph":[{"@type":"WebPage","@id":"https:\/\/bofood.hu\/en\/news\/","url":"https:\/\/bofood.hu\/en\/news\/","name":"NEWS - BOFOOD TECH Kft.","isPartOf":{"@id":"https:\/\/bofood.hu\/#website"},"datePublished":"2019-04-18T07:41:14+00:00","dateModified":"2019-07-02T09:45:15+00:00","breadcrumb":{"@id":"https:\/\/bofood.hu\/en\/news\/#breadcrumb"},"inLanguage":"en-US","potentialAction":[{"@type":"ReadAction","target":["https:\/\/bofood.hu\/en\/news\/"]}]},{"@type":"BreadcrumbList","@id":"https:\/\/bofood.hu\/en\/news\/#breadcrumb","itemListElement":[{"@type":"ListItem","position":1,"name":"Home","item":"https:\/\/bofood.hu\/en\/"},{"@type":"ListItem","position":2,"name":"NEWS"}]},{"@type":"WebSite","@id":"https:\/\/bofood.hu\/#website","url":"https:\/\/bofood.hu\/","name":"BOFOOD TECH Kft.","description":"\u00c9lelmiszertechnol\u00f3giai megold\u00e1sok, fejleszt\u00e9sek, gy\u00e1rt\u00e1soptimaliz\u00e1l\u00e1s, hat\u00e9konys\u00e1gn\u00f6vel\u00e9s","potentialAction":[{"@type":"SearchAction","target":{"@type":"EntryPoint","urlTemplate":"https:\/\/bofood.hu\/?s={search_term_string}"},"query-input":"required name=search_term_string"}],"inLanguage":"en-US"}]}},"_links":{"self":[{"href":"https:\/\/bofood.hu\/en\/wp-json\/wp\/v2\/pages\/552"}],"collection":[{"href":"https:\/\/bofood.hu\/en\/wp-json\/wp\/v2\/pages"}],"about":[{"href":"https:\/\/bofood.hu\/en\/wp-json\/wp\/v2\/types\/page"}],"author":[{"embeddable":true,"href":"https:\/\/bofood.hu\/en\/wp-json\/wp\/v2\/users\/2"}],"replies":[{"embeddable":true,"href":"https:\/\/bofood.hu\/en\/wp-json\/wp\/v2\/comments?post=552"}],"version-history":[{"count":3,"href":"https:\/\/bofood.hu\/en\/wp-json\/wp\/v2\/pages\/552\/revisions"}],"predecessor-version":[{"id":630,"href":"https:\/\/bofood.hu\/en\/wp-json\/wp\/v2\/pages\/552\/revisions\/630"}],"wp:attachment":[{"href":"https:\/\/bofood.hu\/en\/wp-json\/wp\/v2\/media?parent=552"}],"curies":[{"name":"wp","href":"https:\/\/api.w.org\/{rel}","templated":true}]}}