{"id":169,"date":"2018-06-12T14:11:31","date_gmt":"2018-06-12T12:11:31","guid":{"rendered":"http:\/\/bofood.hu\/home\/"},"modified":"2019-08-12T11:54:59","modified_gmt":"2019-08-12T09:54:59","slug":"home","status":"publish","type":"page","link":"https:\/\/bofood.hu\/en\/","title":{"rendered":"Home"},"content":{"rendered":"<p>[et_pb_section bb_built=&#8221;1&#8243; fullwidth=&#8221;on&#8221; _builder_version=&#8221;3.4.1&#8243; next_background_color=&#8221;#000000&#8243;][et_pb_fullwidth_header title=&#8221;bofood.hu&#8221; header_fullscreen=&#8221;on&#8221; header_scroll_down=&#8221;on&#8221; button_one_text=&#8221;Contact us&#8221; button_one_url=&#8221;#&#8221; content_orientation=&#8221;bottom&#8221; _builder_version=&#8221;3.16.1&#8243; title_font=&#8221;|||on|||||&#8221; title_text_color=&#8221;#acc521&#8243; title_font_size=&#8221;60px&#8221; content_text_align=&#8221;left&#8221; content_text_color=&#8221;#ffffff&#8221; content_font_size=&#8221;24px&#8221; content_letter_spacing=&#8221;1px&#8221; background_image=&#8221;http:\/\/bofood.hu\/wp-content\/uploads\/2018\/10\/fooldal.jpg&#8221; filter_saturate=&#8221;115%&#8221; animation_style=&#8221;fade&#8221; text_shadow_style=&#8221;preset2&#8243; button_one_text_size__hover_enabled=&#8221;off&#8221; button_one_text_size__hover=&#8221;null&#8221; button_two_text_size__hover_enabled=&#8221;off&#8221; button_two_text_size__hover=&#8221;null&#8221; button_one_text_color__hover_enabled=&#8221;off&#8221; button_one_text_color__hover=&#8221;null&#8221; button_two_text_color__hover_enabled=&#8221;off&#8221; button_two_text_color__hover=&#8221;null&#8221; button_one_border_width__hover_enabled=&#8221;off&#8221; button_one_border_width__hover=&#8221;null&#8221; button_two_border_width__hover_enabled=&#8221;off&#8221; button_two_border_width__hover=&#8221;null&#8221; button_one_border_color__hover_enabled=&#8221;off&#8221; button_one_border_color__hover=&#8221;null&#8221; button_two_border_color__hover_enabled=&#8221;off&#8221; button_two_border_color__hover=&#8221;null&#8221; button_one_border_radius__hover_enabled=&#8221;off&#8221; button_one_border_radius__hover=&#8221;null&#8221; button_two_border_radius__hover_enabled=&#8221;off&#8221; button_two_border_radius__hover=&#8221;null&#8221; button_one_letter_spacing__hover_enabled=&#8221;off&#8221; button_one_letter_spacing__hover=&#8221;null&#8221; button_two_letter_spacing__hover_enabled=&#8221;off&#8221; button_two_letter_spacing__hover=&#8221;null&#8221; button_one_bg_color__hover_enabled=&#8221;off&#8221; button_one_bg_color__hover=&#8221;null&#8221; button_two_bg_color__hover_enabled=&#8221;off&#8221; button_two_bg_color__hover=&#8221;null&#8221; use_background_color_gradient=&#8221;on&#8221; background_color_gradient_start=&#8221;#29c4a9&#8243; background_color_gradient_end=&#8221;#2b87da&#8221;]<\/p>\n<p>Food technology, mechanical solutions and developments, production optimalization, efficiency improvement.<\/p>\n<p>[\/et_pb_fullwidth_header][\/et_pb_section][et_pb_section bb_built=&#8221;1&#8243; _builder_version=&#8221;3.4.1&#8243; custom_padding=&#8221;0|0px|0|0px|false|false&#8221; prev_background_color=&#8221;#000000&#8243;][et_pb_row _builder_version=&#8221;3.4.1&#8243;][et_pb_column type=&#8221;4_4&#8243;][et_pb_text _builder_version=&#8221;3.16.1&#8243; header_2_text_color=&#8221;#acc521&#8243; header_2_font_size=&#8221;40px&#8221; custom_padding=&#8221;||||false&#8221; custom_margin=&#8221;||0px||false&#8221;]<\/p>\n<h2>Bofood.hu<\/h2>\n<p>Our company is a Hungarian-owned business, established on October 8, 2012.<\/p>\n<p>Its owners and professionals have been working in various fields of food industry for decades.<\/p>\n<p>Our aim is to provide innovative solutions to the technological and mechanical problems of companies interested in the food industry, which provides a high-quality product for the consumers, and an economic competitive advantage for the producer.<\/p>\n<p>With the help of the professional experience of our development engineers and technologists, and the new technologies, industrial solutions, and unique machines we have developed, we offer solutions mainly for food manufacturing companies.<\/p>\n<p>As an innovative company, we are open to any other industry-related idea, which challenges our engineers and professionals. Contact us.<\/p>\n<p>Our mission:<\/p>\n<p><strong>Get together \u2013 start, stay together \u2013 progress, work together \u2013 success.<\/strong><\/p>\n<p>[\/et_pb_text][\/et_pb_column][\/et_pb_row][\/et_pb_section]<\/p>\n","protected":false},"excerpt":{"rendered":"<p>Food technology, mechanical solutions and developments, production optimalization, efficiency improvement. Bofood.hu Our company is a Hungarian-owned business, established on October 8, 2012. Its owners and professionals have been working in various fields of food industry for decades. Our aim is to provide innovative solutions to the technological and mechanical problems of companies interested in the [&hellip;]<\/p>\n","protected":false},"author":1,"featured_media":0,"parent":0,"menu_order":0,"comment_status":"closed","ping_status":"closed","template":"","meta":{"_et_pb_use_builder":"on","_et_pb_old_content":"","_et_gb_content_width":"","_mi_skip_tracking":false,"_monsterinsights_sitenote_active":false,"_monsterinsights_sitenote_note":"","_monsterinsights_sitenote_category":0,"footnotes":""},"yoast_head":"<!-- This site is optimized with the Yoast SEO plugin v21.2 - https:\/\/yoast.com\/wordpress\/plugins\/seo\/ -->\n<title>Home - BOFOOD TECH Kft.<\/title>\n<meta name=\"robots\" content=\"index, follow, max-snippet:-1, max-image-preview:large, max-video-preview:-1\" \/>\n<link rel=\"canonical\" href=\"https:\/\/bofood.hu\/en\/\" \/>\n<meta property=\"og:locale\" content=\"en_US\" \/>\n<meta property=\"og:type\" content=\"article\" \/>\n<meta property=\"og:title\" content=\"Home - BOFOOD TECH Kft.\" \/>\n<meta property=\"og:description\" content=\"Food technology, mechanical solutions and developments, production optimalization, efficiency improvement. Bofood.hu Our company is a Hungarian-owned business, established on October 8, 2012. Its owners and professionals have been working in various fields of food industry for decades. Our aim is to provide innovative solutions to the technological and mechanical problems of companies interested in the [&hellip;]\" \/>\n<meta property=\"og:url\" content=\"https:\/\/bofood.hu\/en\/\" \/>\n<meta property=\"og:site_name\" content=\"BOFOOD TECH Kft.\" \/>\n<meta property=\"article:modified_time\" content=\"2019-08-12T09:54:59+00:00\" \/>\n<meta name=\"twitter:card\" content=\"summary_large_image\" \/>\n<meta name=\"twitter:label1\" content=\"Est. reading time\" \/>\n\t<meta name=\"twitter:data1\" content=\"2 minutes\" \/>\n<script type=\"application\/ld+json\" class=\"yoast-schema-graph\">{\"@context\":\"https:\/\/schema.org\",\"@graph\":[{\"@type\":\"WebPage\",\"@id\":\"https:\/\/bofood.hu\/en\/\",\"url\":\"https:\/\/bofood.hu\/en\/\",\"name\":\"Home - BOFOOD TECH Kft.\",\"isPartOf\":{\"@id\":\"https:\/\/bofood.hu\/#website\"},\"datePublished\":\"2018-06-12T12:11:31+00:00\",\"dateModified\":\"2019-08-12T09:54:59+00:00\",\"breadcrumb\":{\"@id\":\"https:\/\/bofood.hu\/en\/#breadcrumb\"},\"inLanguage\":\"en-US\",\"potentialAction\":[{\"@type\":\"ReadAction\",\"target\":[\"https:\/\/bofood.hu\/en\/\"]}]},{\"@type\":\"BreadcrumbList\",\"@id\":\"https:\/\/bofood.hu\/en\/#breadcrumb\",\"itemListElement\":[{\"@type\":\"ListItem\",\"position\":1,\"name\":\"Home\",\"item\":\"https:\/\/bofood.hu\/en\/\"},{\"@type\":\"ListItem\",\"position\":2,\"name\":\"Home\"}]},{\"@type\":\"WebSite\",\"@id\":\"https:\/\/bofood.hu\/#website\",\"url\":\"https:\/\/bofood.hu\/\",\"name\":\"BOFOOD TECH Kft.\",\"description\":\"\u00c9lelmiszertechnol\u00f3giai megold\u00e1sok, fejleszt\u00e9sek, gy\u00e1rt\u00e1soptimaliz\u00e1l\u00e1s, hat\u00e9konys\u00e1gn\u00f6vel\u00e9s\",\"potentialAction\":[{\"@type\":\"SearchAction\",\"target\":{\"@type\":\"EntryPoint\",\"urlTemplate\":\"https:\/\/bofood.hu\/?s={search_term_string}\"},\"query-input\":\"required name=search_term_string\"}],\"inLanguage\":\"en-US\"}]}<\/script>\n<!-- \/ Yoast SEO plugin. -->","yoast_head_json":{"title":"Home - BOFOOD TECH Kft.","robots":{"index":"index","follow":"follow","max-snippet":"max-snippet:-1","max-image-preview":"max-image-preview:large","max-video-preview":"max-video-preview:-1"},"canonical":"https:\/\/bofood.hu\/en\/","og_locale":"en_US","og_type":"article","og_title":"Home - BOFOOD TECH Kft.","og_description":"Food technology, mechanical solutions and developments, production optimalization, efficiency improvement. Bofood.hu Our company is a Hungarian-owned business, established on October 8, 2012. Its owners and professionals have been working in various fields of food industry for decades. Our aim is to provide innovative solutions to the technological and mechanical problems of companies interested in the [&hellip;]","og_url":"https:\/\/bofood.hu\/en\/","og_site_name":"BOFOOD TECH Kft.","article_modified_time":"2019-08-12T09:54:59+00:00","twitter_card":"summary_large_image","twitter_misc":{"Est. reading time":"2 minutes"},"schema":{"@context":"https:\/\/schema.org","@graph":[{"@type":"WebPage","@id":"https:\/\/bofood.hu\/en\/","url":"https:\/\/bofood.hu\/en\/","name":"Home - BOFOOD TECH Kft.","isPartOf":{"@id":"https:\/\/bofood.hu\/#website"},"datePublished":"2018-06-12T12:11:31+00:00","dateModified":"2019-08-12T09:54:59+00:00","breadcrumb":{"@id":"https:\/\/bofood.hu\/en\/#breadcrumb"},"inLanguage":"en-US","potentialAction":[{"@type":"ReadAction","target":["https:\/\/bofood.hu\/en\/"]}]},{"@type":"BreadcrumbList","@id":"https:\/\/bofood.hu\/en\/#breadcrumb","itemListElement":[{"@type":"ListItem","position":1,"name":"Home","item":"https:\/\/bofood.hu\/en\/"},{"@type":"ListItem","position":2,"name":"Home"}]},{"@type":"WebSite","@id":"https:\/\/bofood.hu\/#website","url":"https:\/\/bofood.hu\/","name":"BOFOOD TECH Kft.","description":"\u00c9lelmiszertechnol\u00f3giai megold\u00e1sok, fejleszt\u00e9sek, gy\u00e1rt\u00e1soptimaliz\u00e1l\u00e1s, hat\u00e9konys\u00e1gn\u00f6vel\u00e9s","potentialAction":[{"@type":"SearchAction","target":{"@type":"EntryPoint","urlTemplate":"https:\/\/bofood.hu\/?s={search_term_string}"},"query-input":"required name=search_term_string"}],"inLanguage":"en-US"}]}},"_links":{"self":[{"href":"https:\/\/bofood.hu\/en\/wp-json\/wp\/v2\/pages\/169"}],"collection":[{"href":"https:\/\/bofood.hu\/en\/wp-json\/wp\/v2\/pages"}],"about":[{"href":"https:\/\/bofood.hu\/en\/wp-json\/wp\/v2\/types\/page"}],"author":[{"embeddable":true,"href":"https:\/\/bofood.hu\/en\/wp-json\/wp\/v2\/users\/1"}],"replies":[{"embeddable":true,"href":"https:\/\/bofood.hu\/en\/wp-json\/wp\/v2\/comments?post=169"}],"version-history":[{"count":7,"href":"https:\/\/bofood.hu\/en\/wp-json\/wp\/v2\/pages\/169\/revisions"}],"predecessor-version":[{"id":698,"href":"https:\/\/bofood.hu\/en\/wp-json\/wp\/v2\/pages\/169\/revisions\/698"}],"wp:attachment":[{"href":"https:\/\/bofood.hu\/en\/wp-json\/wp\/v2\/media?parent=169"}],"curies":[{"name":"wp","href":"https:\/\/api.w.org\/{rel}","templated":true}]}}